{"id":60,"date":"2016-12-09T03:53:59","date_gmt":"2016-12-09T02:53:59","guid":{"rendered":"http:\/\/www.linkupeurope.it\/home\/?page_id=60"},"modified":"2016-12-09T03:53:59","modified_gmt":"2016-12-09T02:53:59","slug":"policy-privacy","status":"publish","type":"page","link":"http:\/\/www.linkupeurope.eu\/home\/index.php\/policy-privacy\/","title":{"rendered":"Policy Privacy"},"content":{"rendered":"<p>Questa pagina contiene l\u2019informativa relativa al <strong>trattamento dei dati personali<\/strong>, resa ai sensi dell\u2019art. 13 del D.lgs. 196\/2003 \u2013 <em>Codice in materia di protezione dei dati personali<\/em> \u2013 integrata con l\u2019informativa sull\u2019<strong>utilizzo dei cookie<\/strong>, resa ai sensi del provvedimento del Garante per la protezione dei dati personali n.229 dell\u20198 maggio 2014, ed \u00e8 sempre raggiungibile mediante il link in calce a tutte le pagine del presente sito internet.<\/p>\n<p>&nbsp;<\/p>\n<h2><strong>Informativa sulla Privacy<\/strong><\/h2>\n<p>In questa sezione, si forniscono agli utenti che consultano il sito <em>www.linkupeurope.it<\/em> alcune informazioni relative al trattamento dei loro dati personali.<\/p>\n<p><strong>I.<\/strong> I dati personali e anagrafici forniti all\u2019Associazione <em>Culturale link UP Europe!<\/em> all\u2019atto della compilazione dei moduli online che rimandano a questa pagina sono oggetto di trattamento tramite strumenti automatizzati e non, con accesso controllato e secondo le modalit\u00e0 prescritte dalla Legge e relativi regolamenti di attuazione, nel rispetto di tale normativa e degli obblighi di riservatezza ivi previsti;<\/p>\n<p><strong>II.<\/strong> Per trattamento di dati personali ai sensi della Legge, si intende qualunque operazione o complesso di operazioni, svolti con o senza l\u2019ausilio di mezzi elettronici o comunque automatizzati, concernenti la raccolta, la registrazione, l\u2019organizzazione, la conservazione, l\u2019elaborazione, la modificazione, la selezione, l\u2019estrazione, il raffronto, l\u2019utilizzo, l\u2019interconnessione, il blocco, la comunicazione, la diffusione, la cancellazione e la distribuzione di dati;<\/p>\n<p><strong>III.<\/strong> I dati sono trattati per finalit\u00e0 connesse o strumentali all\u2019attivit\u00e0 della <em>link UP Europe!<\/em>, quali quelle esplicitamente dichiarate nei moduli online che rimandano a questa pagina e\/o per eventuali elaborazioni e gestioni future, con particolare riferimento a:<\/p>\n<ol>\n<li>adempimento degli obblighi di legge connessi a normative civili e penali;<\/li>\n<li>per consentire agli utenti l\u2019accesso al sito web della <em>link UP Europe!<\/em>, per finalit\u00e0 strettamente connesse all\u2019erogazione dei servizi on-line ed, in particolare, per rispondere alle richieste di invio di materiale informativo;<\/li>\n<li>per lo svolgimento di attivit\u00e0 di direct mailing, anche a fini promozionali, per conto proprio e\/o di terzi inserzionisti che forniscono i servizi descritti nel presente sito;<\/li>\n<\/ol>\n<p><strong>IV.<\/strong> Il conferimento dei dati per le finalit\u00e0 di cui ai punti 1. e 2. \u00e8 obbligatorio, comportando, in caso di mancato conferimento, l\u2019impossibilit\u00e0 per la <em>link UP Europe!<\/em> di dare esecuzione all\u2019erogazione dei servizi. Il conferimento dei dati, di cui al punto 3. della presente informativa ha natura facoltativa, e pertanto pu\u00f2 comportare in caso di mancato conferimento l\u2019impossibilit\u00e0 da parte della <em>link UP Europe!<\/em> di informarVi sulle proprie attivit\u00e0 e promozioni.<\/p>\n<p><strong>V.<\/strong> I dati sono raccolti ed archiviati su supporto informatico e potranno eventualmente essere comunicati ai terzi nella loro qualit\u00e0 di \u201cresponsabili\u201d o \u201cincaricati\u201d della <em>link UP Europe!<\/em>, quali il personale appartenente agli uffici amministrativi, commerciali, produttivi e tecnici.<\/p>\n<p><strong>VI.<\/strong> Il titolare del trattamento \u00e8 <em>link UP Europe!<\/em>, via Pietro Rovetti, 190 &#8211; Roma \u2013 Email moreinfo[at]linkupeurope.eu.<\/p>\n<p><strong>VII.<\/strong> Il trattamento dei dati avviene mediante strumenti idonei a garantirne la sicurezza e la riservatezza a norma di Legge con accesso controllato e limitato a soggetti autorizzati.<\/p>\n<p><strong>VIII.<\/strong> Diritti degli interessati \u2013 Lei potr\u00e0 esercitare i diritti di cui all\u2019art. 7 della Legge attraverso specifica richiesta scritta a mezzo posta indirizzata al Responsabile del trattamento dati personali via Pietro Rovetti 190, 00177 Roma o tramite email indirizzata a moreinfo[at]linkupeurope.eu. In particolare Lei ha il diritto di ottenere in qualunque momento la conferma dell\u2019esistenza o meno dei dati che La riguardano e di conoscerne il contenuto e l\u2019origine, verificarne l\u2019esattezza o chiederne l\u2019integrazione o l\u2019aggiornamento, oppure la rettificazione. Ai sensi del medesimo articolo Lei ha il diritto di chiedere la cancellazione, la trasformazione in forma anonima o il blocco dei dati trattati in violazione di legge, nonch\u00e9 di opporsi in ogni caso, per motivi legittimi, al loro trattamento.<\/p>\n<p>&nbsp;<\/p>\n<p>&nbsp;<\/p>\n<h2><strong>Informativa sui cookie<\/strong><\/h2>\n<h3><strong>1. Considerazioni preliminari<\/strong><\/h3>\n<p>I cookie sono stringhe di testo di piccole dimensioni che i siti visitati dall\u2019utente inviano al suo terminale (solitamente al browser), dove vengono memorizzati per essere poi ritrasmessi agli stessi siti alla successiva visita del medesimo utente. Nel corso della navigazione su un sito, l\u2019utente pu\u00f2 ricevere sul suo terminale anche cookie che vengono inviati da siti o da web server diversi (c.d. \u201cterze parti\u201d), sui quali possono risiedere alcuni elementi (quali, ad esempio, immagini, mappe, suoni, specifici link a pagine di altri domini) presenti sul sito che lo stesso sta visitando.<\/p>\n<p>I cookie, solitamente presenti nei browser degli utenti in numero molto elevato e a volte anche con caratteristiche di ampia persistenza temporale, sono usati per differenti finalit\u00e0: esecuzione di autenticazioni informatiche, monitoraggio di sessioni, memorizzazione di informazioni su specifiche configurazioni riguardanti gli utenti che accedono al server, ecc.<\/p>\n<p>Al fine di giungere a una corretta regolamentazione di tali dispositivi, \u00e8 necessario distinguerli posto che non vi sono delle caratteristiche tecniche che li differenziano gli uni dagli altri proprio sulla base delle finalit\u00e0 perseguite da chi li utilizza. In tale direzione si \u00e8 mosso, peraltro, lo stesso legislatore, che, in attuazione delle disposizioni contenute nella direttiva 2009\/136\/CE, ha ricondotto l\u2019obbligo di acquisire il consenso preventivo e informato degli utenti all\u2019installazione di cookie utilizzati per finalit\u00e0 diverse da quelle meramente tecniche (cfr. art. 1, comma 5, lett. a), del d. lgs. 28 maggio 2012, n. 69, che ha modificato l\u2019art. 122 del Codice).<\/p>\n<p>Al riguardo, e ai fini del presente provvedimento, si individuano pertanto due macro-categorie: cookie \u201ctecnici\u201d e cookie \u201cdi profilazione\u201d.<\/p>\n<p><em>a. Cookie tecnici.<\/em><\/p>\n<p>I cookie tecnici sono quelli utilizzati al solo fine di \u201ceffettuare la trasmissione di una comunicazione su una rete di comunicazione elettronica, o nella misura strettamente necessaria al fornitore di un servizio della societ\u00e0 dell\u2019informazione esplicitamente richiesto dall\u2019abbonato o dall\u2019utente a erogare tale servizio\u201d (cfr. art. 122, comma 1, del Codice).<\/p>\n<p>Essi non vengono utilizzati per scopi ulteriori e sono normalmente installati direttamente dal titolare o gestore del sito web. Possono essere suddivisi in cookie di navigazione o di sessione, che garantiscono la normale navigazione e fruizione del sito web (permettendo, ad esempio, di realizzare un acquisto o autenticarsi per accedere ad aree riservate); cookie analytics, assimilati ai cookie tecnici laddove utilizzati direttamente dal gestore del sito per raccogliere informazioni, in forma aggregata, sul numero degli utenti e su come questi visitano il sito stesso; cookie di funzionalit\u00e0, che permettono all\u2019utente la navigazione in funzione di una serie di criteri selezionati (ad esempio, la lingua, i prodotti selezionati per l\u2019acquisto) al fine di migliorare il servizio reso allo stesso.<\/p>\n<p>Per l\u2019installazione di tali cookie non \u00e8 richiesto il preventivo consenso degli utenti, mentre resta fermo l\u2019obbligo di dare l\u2019informativa ai sensi dell\u2019art. 13 del Codice, che il gestore del sito, qualora utilizzi soltanto tali dispositivi, potr\u00e0 fornire con le modalit\u00e0 che ritiene pi\u00f9 idonee.<\/p>\n<p><em>b. Cookie di profilazione<\/em>.<\/p>\n<p>I cookie di profilazione sono volti a creare profili relativi all\u2019utente e vengono utilizzati al fine di inviare messaggi pubblicitari in linea con le preferenze manifestate dallo stesso nell\u2019ambito della navigazione in rete. In ragione della particolare invasivit\u00e0 che tali dispositivi possono avere nell\u2019ambito della sfera privata degli utenti, la normativa europea e italiana prevede che l\u2019utente debba essere adeguatamente informato sull\u2019uso degli stessi ed esprimere cos\u00ec il proprio valido consenso.<\/p>\n<p id=\"aui_3_2_0_1116\">Ad essi si riferisce l\u2019art. 122 del Codice laddove prevede che \u201cl\u2019archiviazione delle informazioni nell\u2019apparecchio terminale di un contraente o di un utente o l\u2019accesso a informazioni gi\u00e0 archiviate sono consentiti unicamente a condizione che il contraente o l\u2019utente abbia espresso il proprio consenso dopo essere stato informato con le modalit\u00e0 semplificate di cui all\u2019articolo 13, comma 3\u2033 (art. 122, comma 1, del Codice).<\/p>\n<p>&nbsp;<\/p>\n<h3><strong>2. Cookie utilizzati su questo sito<\/strong><\/h3>\n<p>Il sito <em>www.linkupeurope.it <\/em><strong>non utilizza<\/strong> coockie proprietari per tracciare il comportamento on-line degli utenti del sito web.<\/p>\n<p><strong>Cookie proprietari<\/strong><\/p>\n<p>Il sito <em>www.linkupeurope.it<\/em> utilizza solo cookie tecnici, rispetto ai quali, ai sensi dell\u2019art. 122 del codice privacy e del Provvedimento del Garante dell\u20198 maggio 2014, non \u00e8 richiesto alcun consenso da parte dell\u2019interessato. In particolare vengono utilizzati i cookie tecnici seguenti:<\/p>\n<ul>\n<li><strong>PHPSESSID<\/strong> che termina al termine della sessione di navigazione;<\/li>\n<li><strong>wordpress<\/strong> che termina al termine della sessione di navigazione;<\/li>\n<li><strong>wordpress_logged_in<\/strong> che termina al termine della sessione di navigazione;<\/li>\n<li><strong>wordpress_test_cookie<\/strong> che termina al termine della sessione di navigazione;<\/li>\n<li><strong>wfvt<\/strong> che termina 30 minuti dopo il termine della sessione di navigazione;<\/li>\n<li><strong>wp-settings<\/strong> che termina 365 giorni dopo il termine della sessione di navigazione;<\/li>\n<li><strong>wp-settings-time<\/strong> che termina 365 giorni dopo il termine della sessione di navigazione;<\/li>\n<li><strong>cookie_notice_accepted<\/strong> che termina 365 giorni dopo il termine della sessione di navigazione;<\/li>\n<\/ul>\n<p>&nbsp;<\/p>\n<p>che servono per gestire la sessione di navigazione, il login degli utenti e il monitoraggio degli accessi.<\/p>\n<p>&nbsp;<\/p>\n<p><strong>Cookie di terze parti<\/strong><\/p>\n<p>Il sito <em>www.linkupeurope.it<\/em> utilizza alcuni cookie di terze parti, sia tecnici che profilanti, installati mediante alcune applicazioni presenti sul sito e di seguito riportate:<\/p>\n<ul>\n<li><strong><span class=\"s1\">Google Analytics,<\/span><\/strong><span class=\"s1\"> \u00e8 un servizio fornito da<em> Google Inc.<\/em> e serve fornire una statistica aggregata di utilizzo del sito internet ed \u00e8 implementato nella versione con IP anonimo. L\u2019informativa sui tali cookie \u00e8 reperibile all\u2019indirizzo: <a href=\"https:\/\/developers.google.com\/analytics\/devguides\/collection\/analyticsjs\/cookie-usage\" target=\"_blank\">https:\/\/developers.google.com\/analytics\/devguides\/collection\/analyticsjs\/cookie-usage<\/a> mentre l\u2019informativa sulla privacy della societ\u00e0 Google Inc., \u00e8 reperibile all\u2019indirizzo: <a href=\"http:\/\/www.google.com\/intl\/it\/policies\/privacy\/\">http:\/\/www.google.com\/intl\/it\/policies\/privacy\/<\/a>. Infine, all\u2019indirizzo: <a href=\"https:\/\/tools.google.com\/dlpage\/gaoptout?hl=it\" target=\"_blank\">https:\/\/tools.google.com\/dlpage\/gaoptout?hl=it<\/a> \u00e8 reperibile uno strumento per disattivare la funzione di Google Analytics;<\/span><\/li>\n<li><strong>Google maps<\/strong>, anche questo \u00e8 un servizio fornito da<em> Google Inc.<\/em> per i cui termini di rimanda alla pagina: <a href=\"https:\/\/developers.google.com\/maps\/terms\" target=\"_blank\">https:\/\/developers.google.com\/maps\/terms<\/a>. Per l\u2019informativa sulla privacy si rimanda al link del punto precedente mentre per quella relativa ai cookie si rimanda al link generale: <a href=\"http:\/\/www.google.com\/policies\/technologies\/cookies\/\" target=\"_blank\">http:\/\/www.google.com\/policies\/technologies\/cookies\/<\/a>.<\/li>\n<li><strong>Youtube<\/strong>, \u00e8 un servizio di video streaming fornito da <em>Google Inc.,<\/em> utilizzato per mostrare alcuni video all\u2019interno delle pagine web. Per l\u2019informativa sulla privacy e per quella relativi ai cookie si rimanda alle informative del punto precedente.<\/li>\n<li><strong>Paypal<\/strong>, utilizzato per accettare le donazioni, mediante trasferimento di denaro da un conto paypal all\u2019altro o mediante carte di credito. L\u2019informativa sui tali cookie \u00e8 reperibile all\u2019indirizzo: <a href=\"https:\/\/www.paypal.com\/it\/webapps\/mpp\/ua\/cookie-full\" target=\"_blank\">https:\/\/www.paypal.com\/it\/webapps\/mpp\/ua\/cookie-full<\/a> mentre l\u2019informativa sulla privacy \u00e8 reperibile all\u2019indirizzo: <a href=\"https:\/\/www.paypal.com\/it\/webapps\/mpp\/ua\/privacy-full\" target=\"_blank\">https:\/\/www.paypal.com\/it\/webapps\/mpp\/ua\/privacy-full<\/a>.<\/li>\n<li><strong>Addtoany<\/strong>, che consente di mostrare i pulsanti di alcuni social network per consentire agli utenti di condividere i contenuti sulle piattaforme dei vari social network. Al seguente indirizzo \u00e8 possibile reperire l\u2019informativa sulla privacy del servizio: <a href=\"https:\/\/www.addtoany.com\/privacy\" target=\"_blank\">https:\/\/www.addtoany.com\/privacy<\/a>.<\/li>\n<\/ul>\n<p>&nbsp;<\/p>\n<h3><strong>Disabilitazione dei cookie<\/strong><\/h3>\n<p>E\u2019 possibile disabilitare i cookie, impedendone il loro invio al vostro browser sia mediante la specifica funzionalit\u00e0 messa a disposizione sul sito internet <em>www.linkupeurope.it, <\/em>che direttamente tramite il proprio browser. Ciascun browser presenta procedure diverse: di seguito riportiamo quelle relative a quelli principali:<\/p>\n<ul>\n<li><a href=\"http:\/\/windows.microsoft.com\/it-it\/windows7\/block-enable-or-allow-cookies\" target=\"_blank\">Internet Explorer<\/a><\/li>\n<li><a href=\"https:\/\/support.google.com\/chrome\/bin\/answer.py?hl=it&amp;answer=95647&amp;p=cpn_cookies\" target=\"_blank\">Google Chrome<\/a><\/li>\n<li><a href=\"http:\/\/support.mozilla.org\/it-IT\/kb\/Enabling%20and%20disabling%20cookies\" target=\"_blank\">Mozilla Firefox<\/a><\/li>\n<li><a href=\"http:\/\/support.apple.com\/kb\/PH17191?viewlocale=it_IT&amp;locale=it_IT\" target=\"_blank\">Apple Safari<\/a><\/li>\n<\/ul>\n<p>&nbsp;<\/p>\n<p>La disabilitazione dei cookie di terze parti \u00e8 possibile anche mediante le modalit\u00e0 rese disponibili singolarmente dai rispettivi titolari.<\/p>\n<p>Per avere informazioni sui cookie archiviati sul proprio dispositivo e disattivarli singolarmente si rinvia al link: <a href=\"http:\/\/www.youronlinechoices.com\/it\/le-tue-scelte\" target=\"_blank\">http:\/\/www.youronlinechoices.com\/it\/le-tue-scelte<\/a>.<\/p>\n<p><strong>Si desidera infine ricordare che la disattivazione di uno o pi\u00f9 cookie pu\u00f2 peggiorare l\u2019esperienza di navigazione e diminuire la qualit\u00e0 dei servizi offerti.<\/strong><\/p>\n","protected":false},"excerpt":{"rendered":"<p>Questa pagina contiene l\u2019informativa relativa al trattamento dei dati personali, resa ai sensi dell\u2019art. 13 del D.lgs. 196\/2003 \u2013 Codice in materia di protezione dei dati personali \u2013 integrata con [&hellip;]<\/p>\n","protected":false},"author":1,"featured_media":0,"parent":0,"menu_order":0,"comment_status":"closed","ping_status":"closed","template":"","meta":[],"_links":{"self":[{"href":"http:\/\/www.linkupeurope.eu\/home\/index.php\/wp-json\/wp\/v2\/pages\/60"}],"collection":[{"href":"http:\/\/www.linkupeurope.eu\/home\/index.php\/wp-json\/wp\/v2\/pages"}],"about":[{"href":"http:\/\/www.linkupeurope.eu\/home\/index.php\/wp-json\/wp\/v2\/types\/page"}],"author":[{"embeddable":true,"href":"http:\/\/www.linkupeurope.eu\/home\/index.php\/wp-json\/wp\/v2\/users\/1"}],"replies":[{"embeddable":true,"href":"http:\/\/www.linkupeurope.eu\/home\/index.php\/wp-json\/wp\/v2\/comments?post=60"}],"version-history":[{"count":1,"href":"http:\/\/www.linkupeurope.eu\/home\/index.php\/wp-json\/wp\/v2\/pages\/60\/revisions"}],"predecessor-version":[{"id":61,"href":"http:\/\/www.linkupeurope.eu\/home\/index.php\/wp-json\/wp\/v2\/pages\/60\/revisions\/61"}],"wp:attachment":[{"href":"http:\/\/www.linkupeurope.eu\/home\/index.php\/wp-json\/wp\/v2\/media?parent=60"}],"curies":[{"name":"wp","href":"https:\/\/api.w.org\/{rel}","templated":true}]}}